{"id":59,"date":"2019-01-20T22:25:22","date_gmt":"2019-01-20T22:25:22","guid":{"rendered":"http:\/\/parafiahenrykow.pl\/?page_id=59"},"modified":"2024-10-05T13:53:49","modified_gmt":"2024-10-05T13:53:49","slug":"porzadek-mszy-swietych","status":"publish","type":"page","link":"https:\/\/parafiahenrykow.pl\/?page_id=59","title":{"rendered":"PORZ\u0104DEK MSZY \u015aWI\u0118TYCH"},"content":{"rendered":"\n<h2 class=\"wp-block-heading\">HENRYK\u00d3W<\/h2>\n\n\n\n<ul class=\"wp-block-list\">\n<li><strong>NIEDZIELNY:<\/strong>\n<ul class=\"wp-block-list\">\n<li>8.00<\/li>\n\n\n\n<li>11.30<\/li>\n\n\n\n<li>17.00<\/li>\n<\/ul>\n<\/li>\n<\/ul>\n\n\n\n<ul class=\"wp-block-list\">\n<li><strong>POWSZEDNI:<\/strong>\n<ul class=\"wp-block-list\">\n<li>7.00<\/li>\n\n\n\n<li>18.00 (o 17.00 od pierwszego pa\u017adziernika do ko\u0144ca marca)<\/li>\n<\/ul>\n<\/li>\n<\/ul>\n\n\n\n<h2 class=\"wp-block-heading\"><em>FILIE (PORZ\u0104DEK NIEDZIELNY)<\/em><\/h2>\n\n\n\n<h2 class=\"wp-block-heading\">STARY HENRYK\u00d3W<\/h2>\n\n\n\n<ul class=\"wp-block-list\">\n<li>8.00<\/li>\n\n\n\n<li>11.30<\/li>\n<\/ul>\n\n\n\n<h2 class=\"wp-block-heading\">WADOCHOWICE<\/h2>\n\n\n\n<ul class=\"wp-block-list\">\n<li>10.00<\/li>\n<\/ul>\n\n\n\n<h2 class=\"wp-block-heading\">MUSZKOWICE<\/h2>\n\n\n\n<ul class=\"wp-block-list\">\n<li>10.00<\/li>\n<\/ul>\n\n\n\n<h2 class=\"wp-block-heading\">SKALICE<\/h2>\n\n\n\n<ul class=\"wp-block-list\">\n<li>9.00<\/li>\n<\/ul>\n","protected":false},"excerpt":{"rendered":"<p>HENRYK\u00d3W FILIE (PORZ\u0104DEK NIEDZIELNY) STARY HENRYK\u00d3W WADOCHOWICE MUSZKOWICE SKALICE<\/p>\n","protected":false},"author":1,"featured_media":70,"parent":0,"menu_order":0,"comment_status":"closed","ping_status":"closed","template":"","meta":{"footnotes":""},"class_list":["post-59","page","type-page","status-publish","has-post-thumbnail","hentry","entry"],"_links":{"self":[{"href":"https:\/\/parafiahenrykow.pl\/index.php?rest_route=\/wp\/v2\/pages\/59","targetHints":{"allow":["GET"]}}],"collection":[{"href":"https:\/\/parafiahenrykow.pl\/index.php?rest_route=\/wp\/v2\/pages"}],"about":[{"href":"https:\/\/parafiahenrykow.pl\/index.php?rest_route=\/wp\/v2\/types\/page"}],"author":[{"embeddable":true,"href":"https:\/\/parafiahenrykow.pl\/index.php?rest_route=\/wp\/v2\/users\/1"}],"replies":[{"embeddable":true,"href":"https:\/\/parafiahenrykow.pl\/index.php?rest_route=%2Fwp%2Fv2%2Fcomments&post=59"}],"version-history":[{"count":13,"href":"https:\/\/parafiahenrykow.pl\/index.php?rest_route=\/wp\/v2\/pages\/59\/revisions"}],"predecessor-version":[{"id":1151,"href":"https:\/\/parafiahenrykow.pl\/index.php?rest_route=\/wp\/v2\/pages\/59\/revisions\/1151"}],"wp:featuredmedia":[{"embeddable":true,"href":"https:\/\/parafiahenrykow.pl\/index.php?rest_route=\/wp\/v2\/media\/70"}],"wp:attachment":[{"href":"https:\/\/parafiahenrykow.pl\/index.php?rest_route=%2Fwp%2Fv2%2Fmedia&parent=59"}],"curies":[{"name":"wp","href":"https:\/\/api.w.org\/{rel}","templated":true}]}}