{"id":23,"date":"2018-12-30T14:21:52","date_gmt":"2018-12-30T14:21:52","guid":{"rendered":"http:\/\/parafiahenrykow.pl\/?page_id=23"},"modified":"2024-10-19T13:27:49","modified_gmt":"2024-10-19T13:27:49","slug":"kontakt","status":"publish","type":"page","link":"https:\/\/parafiahenrykow.pl\/?page_id=23","title":{"rendered":"KONTAKT"},"content":{"rendered":"\n<p class=\"has-light-green-cyan-background-color has-background\">PARAFIA RZYMSKOKATOLICKA P.W.WNIEBOWZI\u0118CIA NMP<\/p>\n\n\n\n<p class=\"has-light-green-cyan-background-color has-background\">PLAC CYSTERS\u00d3W 1<\/p>\n\n\n\n<p class=\"has-light-green-cyan-background-color has-background\">57-210 HENRYK\u00d3W <\/p>\n\n\n\n<p class=\"has-very-light-gray-background-color has-background\">tel. kom\u00f3rkowy: 731 295 835<\/p>\n\n\n\n<p class=\"has-very-light-gray-background-color has-background\">e-mail parafialny: cystersi.henrykow@gmail.com<\/p>\n\n\n\n<p class=\"has-very-light-gray-background-color has-background\">Nr konta parafii: 77 9588 0004 5501 2104 2000 0010<\/p>\n\n\n\n<p><\/p>\n\n\n\n<p class=\"has-vivid-green-cyan-background-color has-background\">e-mail administratora: bernard@parafiahenrykow.pl<\/p>\n\n\n<style>\r\n        .wpedon-container .wpedon-select,\r\n        .wpedon-container .wpedon-input {\r\n            width: 170px;\r\n            min-width: 170px;\r\n            max-width: 170px;\r\n        }\r\n    <\/style><div class='wpedon-container wpedon-align-left'><form target='' action='https:\/\/www.paypal.com\/cgi-bin\/webscr' method='post' class='wpedon-form'><input type='hidden' name='cmd' value='_donations' \/><input type='hidden' name='business' value='wiking50@wp.pl' \/><input type='hidden' name='currency_code' value='PLN' \/><input type='hidden' name='notify_url' value='https:\/\/parafiahenrykow.pl\/wp-admin\/admin-post.php?action=add_wpedon_button_ipn'><input type='hidden' name='lc' value='pl_PL'><input type='hidden' name='bn' value='WPPlugin_SP'><input type='hidden' name='return' value='http:\/\/parafiahenrykow.pl\/?page_id=23' \/><input type='hidden' name='cancel_return' value='http:\/\/parafiahenrykow.pl\/?page_id=23' \/><input class='wpedon_paypalbuttonimage' type='image' src='https:\/\/www.paypalobjects.com\/webstatic\/en_US\/btn\/btn_donate_pp_142x27.png' border='0' name='submit' alt='Make your payments with PayPal. It is free, secure, effective.' style='border: none;'><img alt='' border='0' style='border:none;display:none;' src='https:\/\/www.paypal.com\/pl_PL\/i\/scr\/pixel.gif' width='1' height='1'><input type='hidden' name='amount' id='amount_4289f23ebf33eb5cfc8070902d3da735' value='' \/><input type='hidden' name='price' id='price_4289f23ebf33eb5cfc8070902d3da735' value='' \/><input type='hidden' name='item_number' value='' \/><input type='hidden' name='item_name' value='Na remonty i utrzymanie strony' \/><input type='hidden' name='name' value='Na remonty i utrzymanie strony' \/><input type='hidden' name='custom' value='254'><input type='hidden' name='no_shipping' value='1'><input type='hidden' name='no_note' value='1'><input type='hidden' name='currency_code' value='PLN'><\/form><\/div>\n","protected":false},"excerpt":{"rendered":"<p>PARAFIA RZYMSKOKATOLICKA P.W.WNIEBOWZI\u0118CIA NMP PLAC CYSTERS\u00d3W 1 57-210 HENRYK\u00d3W tel. kom\u00f3rkowy: 731 295 835 e-mail parafialny: cystersi.henrykow@gmail.com Nr konta parafii: 77 9588 0004 5501 2104 2000 0010 e-mail administratora: bernard@parafiahenrykow.pl<\/p>\n","protected":false},"author":1,"featured_media":816,"parent":0,"menu_order":0,"comment_status":"closed","ping_status":"closed","template":"","meta":{"footnotes":""},"class_list":["post-23","page","type-page","status-publish","has-post-thumbnail","hentry","entry"],"_links":{"self":[{"href":"https:\/\/parafiahenrykow.pl\/index.php?rest_route=\/wp\/v2\/pages\/23","targetHints":{"allow":["GET"]}}],"collection":[{"href":"https:\/\/parafiahenrykow.pl\/index.php?rest_route=\/wp\/v2\/pages"}],"about":[{"href":"https:\/\/parafiahenrykow.pl\/index.php?rest_route=\/wp\/v2\/types\/page"}],"author":[{"embeddable":true,"href":"https:\/\/parafiahenrykow.pl\/index.php?rest_route=\/wp\/v2\/users\/1"}],"replies":[{"embeddable":true,"href":"https:\/\/parafiahenrykow.pl\/index.php?rest_route=%2Fwp%2Fv2%2Fcomments&post=23"}],"version-history":[{"count":10,"href":"https:\/\/parafiahenrykow.pl\/index.php?rest_route=\/wp\/v2\/pages\/23\/revisions"}],"predecessor-version":[{"id":782,"href":"https:\/\/parafiahenrykow.pl\/index.php?rest_route=\/wp\/v2\/pages\/23\/revisions\/782"}],"wp:featuredmedia":[{"embeddable":true,"href":"https:\/\/parafiahenrykow.pl\/index.php?rest_route=\/wp\/v2\/media\/816"}],"wp:attachment":[{"href":"https:\/\/parafiahenrykow.pl\/index.php?rest_route=%2Fwp%2Fv2%2Fmedia&parent=23"}],"curies":[{"name":"wp","href":"https:\/\/api.w.org\/{rel}","templated":true}]}}