{"id":22,"date":"2018-12-30T14:21:52","date_gmt":"2018-12-30T14:21:52","guid":{"rendered":"http:\/\/parafiahenrykow.pl\/?page_id=22"},"modified":"2021-06-30T17:16:00","modified_gmt":"2021-06-30T17:16:00","slug":"filie","status":"publish","type":"page","link":"https:\/\/parafiahenrykow.pl\/?page_id=22","title":{"rendered":"KO\u015aCIO\u0141Y I KAPLICE FILIALNE"},"content":{"rendered":"\n<h1 class=\"has-text-align-center has-cyan-bluish-gray-color has-text-color wp-block-heading\"><strong><span class=\"has-inline-color has-light-green-cyan-color\">STARY HENRYK\u00d3W<\/span><\/strong><\/h1>\n\n\n\n<p class=\"has-text-align-center has-medium-font-size\"><span class=\"has-inline-color has-light-green-cyan-color\">KO\u015aCI\u00d3\u0141 p.w. \u015aW. MARCINA<\/span><\/p>\n\n\n\n<div class=\"wp-block-image\"><figure class=\"aligncenter size-large\"><img loading=\"lazy\" decoding=\"async\" width=\"768\" height=\"1024\" src=\"https:\/\/parafiahenrykow.pl\/wp-content\/uploads\/2021\/06\/kosciol-st.henrykow-768x1024.jpg\" alt=\"\" class=\"wp-image-476\" srcset=\"https:\/\/parafiahenrykow.pl\/wp-content\/uploads\/2021\/06\/kosciol-st.henrykow-768x1024.jpg 768w, https:\/\/parafiahenrykow.pl\/wp-content\/uploads\/2021\/06\/kosciol-st.henrykow-225x300.jpg 225w, https:\/\/parafiahenrykow.pl\/wp-content\/uploads\/2021\/06\/kosciol-st.henrykow-1152x1536.jpg 1152w, https:\/\/parafiahenrykow.pl\/wp-content\/uploads\/2021\/06\/kosciol-st.henrykow-1536x2048.jpg 1536w, https:\/\/parafiahenrykow.pl\/wp-content\/uploads\/2021\/06\/kosciol-st.henrykow-scaled.jpg 1920w\" sizes=\"auto, (max-width: 768px) 100vw, 768px\" \/><\/figure><\/div>\n\n\n\n<h1 class=\"has-text-align-center has-cyan-bluish-gray-color has-text-color wp-block-heading\"><strong><span class=\"has-inline-color has-luminous-vivid-amber-color\">WADOCHOWICE<\/span><\/strong><\/h1>\n\n\n\n<p class=\"has-text-align-center has-medium-font-size\"><strong><a href=\"https:\/\/parafiahenrykow.pl\/?page_id=454\"><span class=\"has-inline-color has-luminous-vivid-amber-color\">KO\u015aCI\u00d3\u0141 p.w. \u015aW. WAWRZY\u0143CA<\/span><\/a><\/strong><\/p>\n\n\n\n<p><\/p>\n\n\n\n<figure class=\"wp-block-gallery columns-1 is-cropped wp-block-gallery-1 is-layout-flex wp-block-gallery-is-layout-flex\"><ul class=\"blocks-gallery-grid\"><li class=\"blocks-gallery-item\"><figure><img loading=\"lazy\" decoding=\"async\" width=\"768\" height=\"1024\" src=\"https:\/\/parafiahenrykow.pl\/wp-content\/uploads\/2021\/06\/wadokosciol-768x1024.jpg\" alt=\"\" data-id=\"435\" data-full-url=\"https:\/\/parafiahenrykow.pl\/wp-content\/uploads\/2021\/06\/wadokosciol-scaled.jpg\" data-link=\"https:\/\/parafiahenrykow.pl\/?attachment_id=435\" class=\"wp-image-435\" srcset=\"https:\/\/parafiahenrykow.pl\/wp-content\/uploads\/2021\/06\/wadokosciol-768x1024.jpg 768w, https:\/\/parafiahenrykow.pl\/wp-content\/uploads\/2021\/06\/wadokosciol-225x300.jpg 225w, https:\/\/parafiahenrykow.pl\/wp-content\/uploads\/2021\/06\/wadokosciol-1152x1536.jpg 1152w, https:\/\/parafiahenrykow.pl\/wp-content\/uploads\/2021\/06\/wadokosciol-1536x2048.jpg 1536w, https:\/\/parafiahenrykow.pl\/wp-content\/uploads\/2021\/06\/wadokosciol-scaled.jpg 1920w\" sizes=\"auto, (max-width: 768px) 100vw, 768px\" \/><\/figure><\/li><\/ul><\/figure>\n\n\n\n<h1 class=\"has-text-align-center has-cyan-bluish-gray-color has-text-color wp-block-heading\"><strong><span class=\"has-inline-color has-vivid-cyan-blue-color\">KAPLICA p.w. \u015aW. ANNY<\/span><\/strong><\/h1>\n\n\n\n<p class=\"has-text-align-center has-medium-font-size\"><span class=\"has-inline-color has-vivid-cyan-blue-color\"><strong>w MUSZKOWICACH<\/strong><\/span><\/p>\n\n\n\n<figure class=\"wp-block-gallery columns-1 is-cropped wp-block-gallery-2 is-layout-flex wp-block-gallery-is-layout-flex\"><ul class=\"blocks-gallery-grid\"><li class=\"blocks-gallery-item\"><figure><img loading=\"lazy\" decoding=\"async\" width=\"768\" height=\"1024\" src=\"https:\/\/parafiahenrykow.pl\/wp-content\/uploads\/2021\/06\/muszko-768x1024.jpg\" alt=\"\" data-id=\"430\" class=\"wp-image-430\" srcset=\"https:\/\/parafiahenrykow.pl\/wp-content\/uploads\/2021\/06\/muszko-768x1024.jpg 768w, https:\/\/parafiahenrykow.pl\/wp-content\/uploads\/2021\/06\/muszko-225x300.jpg 225w, https:\/\/parafiahenrykow.pl\/wp-content\/uploads\/2021\/06\/muszko-1152x1536.jpg 1152w, https:\/\/parafiahenrykow.pl\/wp-content\/uploads\/2021\/06\/muszko-1536x2048.jpg 1536w, https:\/\/parafiahenrykow.pl\/wp-content\/uploads\/2021\/06\/muszko-scaled.jpg 1920w\" sizes=\"auto, (max-width: 768px) 100vw, 768px\" \/><\/figure><\/li><\/ul><\/figure>\n\n\n\n<h1 class=\"has-text-align-center has-cyan-bluish-gray-color has-text-color wp-block-heading\"><strong><span class=\"has-inline-color has-vivid-red-color\">SKALICE<\/span><\/strong><\/h1>\n\n\n\n<p class=\"has-text-align-center has-medium-font-size\"><span class=\"has-inline-color has-vivid-red-color\">KAPLICA p.w. \u015aW. WAWRZY\u0143CA<\/span><\/p>\n\n\n\n<figure class=\"wp-block-image size-large\"><img loading=\"lazy\" decoding=\"async\" width=\"768\" height=\"1024\" src=\"https:\/\/parafiahenrykow.pl\/wp-content\/uploads\/2021\/06\/kaplica-skalice.jpg\" alt=\"\" class=\"wp-image-478\" srcset=\"https:\/\/parafiahenrykow.pl\/wp-content\/uploads\/2021\/06\/kaplica-skalice.jpg 768w, https:\/\/parafiahenrykow.pl\/wp-content\/uploads\/2021\/06\/kaplica-skalice-225x300.jpg 225w\" sizes=\"auto, (max-width: 768px) 100vw, 768px\" \/><\/figure>\n","protected":false},"excerpt":{"rendered":"<p>STARY HENRYK\u00d3W KO\u015aCI\u00d3\u0141 p.w. \u015aW. MARCINA WADOCHOWICE KO\u015aCI\u00d3\u0141 p.w. \u015aW. WAWRZY\u0143CA KAPLICA p.w. \u015aW. ANNY w MUSZKOWICACH SKALICE KAPLICA p.w. \u015aW. WAWRZY\u0143CA<\/p>\n","protected":false},"author":1,"featured_media":0,"parent":0,"menu_order":0,"comment_status":"closed","ping_status":"closed","template":"","meta":{"footnotes":""},"class_list":["post-22","page","type-page","status-publish","hentry","entry"],"_links":{"self":[{"href":"https:\/\/parafiahenrykow.pl\/index.php?rest_route=\/wp\/v2\/pages\/22","targetHints":{"allow":["GET"]}}],"collection":[{"href":"https:\/\/parafiahenrykow.pl\/index.php?rest_route=\/wp\/v2\/pages"}],"about":[{"href":"https:\/\/parafiahenrykow.pl\/index.php?rest_route=\/wp\/v2\/types\/page"}],"author":[{"embeddable":true,"href":"https:\/\/parafiahenrykow.pl\/index.php?rest_route=\/wp\/v2\/users\/1"}],"replies":[{"embeddable":true,"href":"https:\/\/parafiahenrykow.pl\/index.php?rest_route=%2Fwp%2Fv2%2Fcomments&post=22"}],"version-history":[{"count":67,"href":"https:\/\/parafiahenrykow.pl\/index.php?rest_route=\/wp\/v2\/pages\/22\/revisions"}],"predecessor-version":[{"id":479,"href":"https:\/\/parafiahenrykow.pl\/index.php?rest_route=\/wp\/v2\/pages\/22\/revisions\/479"}],"wp:attachment":[{"href":"https:\/\/parafiahenrykow.pl\/index.php?rest_route=%2Fwp%2Fv2%2Fmedia&parent=22"}],"curies":[{"name":"wp","href":"https:\/\/api.w.org\/{rel}","templated":true}]}}